{"id":83,"date":"2024-07-02T13:50:26","date_gmt":"2024-07-02T11:50:26","guid":{"rendered":"https:\/\/fondsds.cluster023.hosting.ovh.net\/?page_id=83"},"modified":"2025-02-09T15:43:13","modified_gmt":"2025-02-09T14:43:13","slug":"soutenir","status":"publish","type":"page","link":"https:\/\/fondsdedotationeic.fr\/index.php\/soutenir\/","title":{"rendered":"Nous soutenir"},"content":{"rendered":"<style>.kb-row-layout-id83_56bdd5-97 > .kt-row-column-wrap{align-content:start;}:where(.kb-row-layout-id83_56bdd5-97 > .kt-row-column-wrap) > .wp-block-kadence-column{justify-content:start;}.kb-row-layout-id83_56bdd5-97 > .kt-row-column-wrap{column-gap:var(--global-kb-gap-md, 2rem);row-gap:var(--global-kb-gap-md, 2rem);max-width:var( --global-content-width, 1290px );padding-left:var(--global-content-edge-padding);padding-right:var(--global-content-edge-padding);padding-top:var(--global-kb-spacing-sm, 1.5rem);padding-bottom:var(--global-kb-spacing-sm, 1.5rem);grid-template-columns:minmax(0, 1fr);}.kb-row-layout-id83_56bdd5-97 > .kt-row-layout-overlay{opacity:0.30;}@media all and (max-width: 1024px){.kb-row-layout-id83_56bdd5-97 > .kt-row-column-wrap{grid-template-columns:minmax(0, 1fr);}}@media all and (max-width: 767px){.kb-row-layout-id83_56bdd5-97 > .kt-row-column-wrap{grid-template-columns:minmax(0, 1fr);}}<\/style><div class=\"kb-row-layout-wrap kb-row-layout-id83_56bdd5-97 alignnone wp-block-kadence-rowlayout\"><div class=\"kt-row-column-wrap kt-has-1-columns kt-row-layout-equal kt-tab-layout-inherit kt-mobile-layout-row kt-row-valign-top kb-theme-content-width\">\n<style>.kadence-column83_d8c8d6-18 > .kt-inside-inner-col,.kadence-column83_d8c8d6-18 > .kt-inside-inner-col:before{border-top-left-radius:0px;border-top-right-radius:0px;border-bottom-right-radius:0px;border-bottom-left-radius:0px;}.kadence-column83_d8c8d6-18 > .kt-inside-inner-col{column-gap:var(--global-kb-gap-sm, 1rem);}.kadence-column83_d8c8d6-18 > .kt-inside-inner-col{flex-direction:column;}.kadence-column83_d8c8d6-18 > .kt-inside-inner-col > .aligncenter{width:100%;}.kadence-column83_d8c8d6-18 > .kt-inside-inner-col:before{opacity:0.3;}.kadence-column83_d8c8d6-18{position:relative;}@media all and (max-width: 1024px){.kadence-column83_d8c8d6-18 > .kt-inside-inner-col{flex-direction:column;justify-content:center;}}@media all and (max-width: 767px){.kadence-column83_d8c8d6-18 > .kt-inside-inner-col{flex-direction:column;justify-content:center;}}<\/style>\n<div class=\"wp-block-kadence-column kadence-column83_d8c8d6-18\"><div class=\"kt-inside-inner-col\">\n<p>Votre soutien est essentiel pour nous permettre de poursuivre notre mission et de d\u00e9velopper nos projets en faveur de l&rsquo;\u00e9ducation. Que vous soyez une entreprise ou un particulier, votre contribution fait la diff\u00e9rence. D\u00e9couvrez comment vous pouvez nous aider ci-dessous.<\/p>\n\n\n\n<h2 class=\"wp-block-heading has-theme-palette-4-color has-text-color has-link-color wp-elements-363e5ae0e569c29a251ec389b05ceee1\">Vous \u00eates une entreprise ?<\/h2>\n\n\n\n<p>Les entreprises jouent un r\u00f4le crucial dans la r\u00e9alisation de nos objectifs. En tant qu\u2019entreprise, vous pouvez contribuer de diff\u00e9rentes mani\u00e8res (partenariat, sponsoring, m\u00e9c\u00e9nat financier &#8230;) Pour en savoir plus, <a href=\"https:\/\/fondsdedotationeic.fr\/?page_id=188&amp;preview=true\" data-type=\"link\" data-id=\"https:\/\/fondsdedotationeic.fr\/?page_id=188&amp;preview=true\">contactez-nous.<\/a><\/p>\n\n\n\n<h2 class=\"wp-block-heading has-theme-palette-4-color has-text-color has-link-color wp-elements-957850ad535dffbd0bd7e57abe805c94\">Vous \u00eates un particulier ?<\/h2>\n\n\n\n<p>En tant que particulier, votre g\u00e9n\u00e9rosit\u00e9 est la cl\u00e9 de notre succ\u00e8s. Chaque don, qu\u2019il soit petit ou grand, nous aide \u00e0 avancer. Vous pouvez faire un don unique ou opter pour un don r\u00e9current. Tous les dons sont d\u00e9ductibles des imp\u00f4ts selon la l\u00e9gislation en vigueur.<\/p>\n\n\n\n\t\t\t<iframe\n\t\t\t\tid=\"idIframe\"\n\t\t\t\tsrc=\"https:\/\/www.helloasso.com\/associations\/fonds-de-dotation-eic\/formulaires\/2\/widget\"\n\t\t\t\theight=750px\"\t\t\t\twidth=100%\"\t\t\t\tframeborder=\"0\"\n\t\t\t\tloading=\"lazy\"\n\t\t\t\tallowtransparency=\"true\"\n\t\t\t\tonload=\"resizeIframeMessage()\"><\/iframe>\n\n\n\n\n<p><\/p>\n\n\n\n<p>Merci de votre soutien pr\u00e9cieux !<\/p>\n<\/div><\/div>\n\n<\/div><\/div>","protected":false},"excerpt":{"rendered":"<p>Votre soutien est essentiel pour nous permettre de poursuivre notre mission et de d\u00e9velopper nos projets en faveur de l&rsquo;\u00e9ducation. Que vous soyez une entreprise ou un particulier, votre contribution fait la diff\u00e9rence. D\u00e9couvrez comment vous pouvez nous aider ci-dessous. Vous \u00eates une entreprise ? Les entreprises jouent un r\u00f4le crucial dans la r\u00e9alisation de&#8230;<\/p>\n","protected":false},"author":1,"featured_media":0,"parent":0,"menu_order":0,"comment_status":"closed","ping_status":"closed","template":"","meta":{"_monsterinsights_skip_tracking":false,"_monsterinsights_sitenote_active":false,"_monsterinsights_sitenote_note":"","_monsterinsights_sitenote_category":0,"_kad_post_transparent":"","_kad_post_title":"","_kad_post_layout":"","_kad_post_sidebar_id":"","_kad_post_content_style":"","_kad_post_vertical_padding":"","_kad_post_feature":"","_kad_post_feature_position":"","_kad_post_header":false,"_kad_post_footer":false,"_kad_post_classname":"","footnotes":""},"class_list":["post-83","page","type-page","status-publish","hentry"],"_links":{"self":[{"href":"https:\/\/fondsdedotationeic.fr\/index.php\/wp-json\/wp\/v2\/pages\/83","targetHints":{"allow":["GET"]}}],"collection":[{"href":"https:\/\/fondsdedotationeic.fr\/index.php\/wp-json\/wp\/v2\/pages"}],"about":[{"href":"https:\/\/fondsdedotationeic.fr\/index.php\/wp-json\/wp\/v2\/types\/page"}],"author":[{"embeddable":true,"href":"https:\/\/fondsdedotationeic.fr\/index.php\/wp-json\/wp\/v2\/users\/1"}],"replies":[{"embeddable":true,"href":"https:\/\/fondsdedotationeic.fr\/index.php\/wp-json\/wp\/v2\/comments?post=83"}],"version-history":[{"count":17,"href":"https:\/\/fondsdedotationeic.fr\/index.php\/wp-json\/wp\/v2\/pages\/83\/revisions"}],"predecessor-version":[{"id":965,"href":"https:\/\/fondsdedotationeic.fr\/index.php\/wp-json\/wp\/v2\/pages\/83\/revisions\/965"}],"wp:attachment":[{"href":"https:\/\/fondsdedotationeic.fr\/index.php\/wp-json\/wp\/v2\/media?parent=83"}],"curies":[{"name":"wp","href":"https:\/\/api.w.org\/{rel}","templated":true}]}}