{"id":3,"date":"2024-05-18T10:42:23","date_gmt":"2024-05-18T08:42:23","guid":{"rendered":"http:\/\/fondsds.cluster023.hosting.ovh.net\/?page_id=3"},"modified":"2024-06-21T20:46:16","modified_gmt":"2024-06-21T18:46:16","slug":"politique-de-confidentialite","status":"publish","type":"page","link":"https:\/\/fondsdedotationeic.fr\/index.php\/politique-de-confidentialite\/","title":{"rendered":"Mentions l\u00e9gales"},"content":{"rendered":"<style>.kadence-column3_1380b7-7f > .kt-inside-inner-col{padding-right:var(--global-kb-spacing-xs, 1rem);padding-left:var(--global-kb-spacing-xs, 1rem);}.kadence-column3_1380b7-7f > .kt-inside-inner-col,.kadence-column3_1380b7-7f > .kt-inside-inner-col:before{border-top-left-radius:0px;border-top-right-radius:0px;border-bottom-right-radius:0px;border-bottom-left-radius:0px;}.kadence-column3_1380b7-7f > .kt-inside-inner-col{column-gap:var(--global-kb-gap-sm, 1rem);}.kadence-column3_1380b7-7f > .kt-inside-inner-col{flex-direction:column;}.kadence-column3_1380b7-7f > .kt-inside-inner-col > .aligncenter{width:100%;}.kadence-column3_1380b7-7f > .kt-inside-inner-col:before{opacity:0.3;}.kadence-column3_1380b7-7f{position:relative;}@media all and (max-width: 1024px){.kadence-column3_1380b7-7f > .kt-inside-inner-col{flex-direction:column;justify-content:center;}}@media all and (max-width: 767px){.kadence-column3_1380b7-7f > .kt-inside-inner-col{flex-direction:column;justify-content:center;}}<\/style>\n<div class=\"wp-block-kadence-column kadence-column3_1380b7-7f\"><div class=\"kt-inside-inner-col\"><style>.kb-row-layout-id3_541f87-a5 > .kt-row-column-wrap{align-content:start;}:where(.kb-row-layout-id3_541f87-a5 > .kt-row-column-wrap) > .wp-block-kadence-column{justify-content:start;}.kb-row-layout-id3_541f87-a5 > .kt-row-column-wrap{column-gap:var(--global-kb-gap-md, 2rem);row-gap:var(--global-kb-gap-md, 2rem);padding-top:var(--global-kb-spacing-sm, 1.5rem);padding-bottom:var(--global-kb-spacing-sm, 1.5rem);grid-template-columns:minmax(0, 1fr);}.kb-row-layout-id3_541f87-a5 > .kt-row-layout-overlay{opacity:0.30;}@media all and (max-width: 1024px){.kb-row-layout-id3_541f87-a5 > .kt-row-column-wrap{grid-template-columns:minmax(0, 1fr);}}@media all and (max-width: 767px){.kb-row-layout-id3_541f87-a5 > .kt-row-column-wrap{grid-template-columns:minmax(0, 1fr);}}<\/style><div class=\"kb-row-layout-wrap kb-row-layout-id3_541f87-a5 alignnone wp-block-kadence-rowlayout\"><div class=\"kt-row-column-wrap kt-has-1-columns kt-row-layout-equal kt-tab-layout-inherit kt-mobile-layout-row kt-row-valign-top\">\n<style>.kadence-column3_8cee85-93 > .kt-inside-inner-col,.kadence-column3_8cee85-93 > .kt-inside-inner-col:before{border-top-left-radius:0px;border-top-right-radius:0px;border-bottom-right-radius:0px;border-bottom-left-radius:0px;}.kadence-column3_8cee85-93 > .kt-inside-inner-col{column-gap:var(--global-kb-gap-sm, 1rem);}.kadence-column3_8cee85-93 > .kt-inside-inner-col{flex-direction:column;}.kadence-column3_8cee85-93 > .kt-inside-inner-col > .aligncenter{width:100%;}.kadence-column3_8cee85-93 > .kt-inside-inner-col:before{opacity:0.3;}.kadence-column3_8cee85-93{position:relative;}@media all and (max-width: 1024px){.kadence-column3_8cee85-93 > .kt-inside-inner-col{flex-direction:column;justify-content:center;}}@media all and (max-width: 767px){.kadence-column3_8cee85-93 > .kt-inside-inner-col{flex-direction:column;justify-content:center;}}<\/style>\n<div class=\"wp-block-kadence-column kadence-column3_8cee85-93\"><div class=\"kt-inside-inner-col\">\n<h2 class=\"wp-block-heading has-theme-palette-4-color has-text-color has-link-color wp-elements-b20e7a341bd0a235394ca36779cd1355\">Editeur du site<\/h2>\n\n\n\n<p>Ce site est \u00e9dit\u00e9 par&nbsp;Fonds de dotation EIC form\u00e9 en 2023<br><strong>Si\u00e8ge social<\/strong>&nbsp;: 27 rue du dragon 59200 Tourcoing<br>\u2709\ufe0f&nbsp;<a href=\"mailto:dverbrugghe@eic-tourcoing.fr\">dverbrugghe@eic-tourcoing.fr<\/a><br>\ud83d\udcde 06.51.43.93.40<\/p>\n\n\n\n<h2 class=\"wp-block-heading has-theme-palette-4-color has-text-color has-link-color wp-elements-bc462c44a105ac884ec8696ad75bfaf7\">Directeur de la publication<\/h2>\n\n\n\n<p><strong>Bertrand Lermytte<\/strong><\/p>\n\n\n\n<h2 class=\"wp-block-heading has-theme-palette-4-color has-text-color has-link-color wp-elements-fde7709fed12e31e30121851dcb7a3ba\">Site design\u00e9 et cr\u00e9\u00e9 par<\/h2>\n\n\n\n<p><a href=\"https:\/\/mariew.fr\/\">Marie Wasilewski Graphisme<\/a><\/p>\n\n\n\n<h2 class=\"wp-block-heading has-theme-palette-4-color has-text-color has-link-color wp-elements-fe43bc3255808158dfc8351115ea15b9\">Fournisseur d\u2019h\u00e9bergement<\/h2>\n\n\n\n<p>Soci\u00e9t\u00e9 : OVH<br>Adresse: 2 rue Kellermann \u2013 BP 80157 59053 ROUBAIX CEDEX 1<br>Serveur h\u00e9berg\u00e9 \u00e0 Gravelines en France<\/p>\n\n\n\n<h2 class=\"wp-block-heading has-theme-palette-4-color has-text-color has-link-color wp-elements-c16d9fad4e882633777035fe14b49388\">Donn\u00e9es personnelles<\/h2>\n\n\n\n<p>A ce jour, aucune donn\u00e9e personnelle n&rsquo;est collect\u00e9e sur le site&nbsp;fondsdedotationeic.fr<\/p>\n<\/div><\/div>\n\n<\/div><\/div><\/div><\/div>\n","protected":false},"excerpt":{"rendered":"<p>Editeur du site Ce site est \u00e9dit\u00e9 par&nbsp;Fonds de dotation EIC form\u00e9 en 2023Si\u00e8ge social&nbsp;: 27 rue du dragon 59200 Tourcoing\u2709\ufe0f&nbsp;dverbrugghe@eic-tourcoing.fr\ud83d\udcde 06.51.43.93.40 Directeur de la publication Bertrand Lermytte Site design\u00e9 et cr\u00e9\u00e9 par Marie Wasilewski Graphisme Fournisseur d\u2019h\u00e9bergement Soci\u00e9t\u00e9 : OVHAdresse: 2 rue Kellermann \u2013 BP 80157 59053 ROUBAIX CEDEX 1Serveur h\u00e9berg\u00e9 \u00e0 Gravelines en&#8230;<\/p>\n","protected":false},"author":1,"featured_media":0,"parent":0,"menu_order":0,"comment_status":"closed","ping_status":"open","template":"","meta":{"_monsterinsights_skip_tracking":false,"_monsterinsights_sitenote_active":false,"_monsterinsights_sitenote_note":"","_monsterinsights_sitenote_category":0,"_kad_post_transparent":"","_kad_post_title":"","_kad_post_layout":"","_kad_post_sidebar_id":"","_kad_post_content_style":"","_kad_post_vertical_padding":"","_kad_post_feature":"","_kad_post_feature_position":"","_kad_post_header":false,"_kad_post_footer":false,"_kad_post_classname":"","footnotes":""},"class_list":["post-3","page","type-page","status-publish","hentry"],"_links":{"self":[{"href":"https:\/\/fondsdedotationeic.fr\/index.php\/wp-json\/wp\/v2\/pages\/3","targetHints":{"allow":["GET"]}}],"collection":[{"href":"https:\/\/fondsdedotationeic.fr\/index.php\/wp-json\/wp\/v2\/pages"}],"about":[{"href":"https:\/\/fondsdedotationeic.fr\/index.php\/wp-json\/wp\/v2\/types\/page"}],"author":[{"embeddable":true,"href":"https:\/\/fondsdedotationeic.fr\/index.php\/wp-json\/wp\/v2\/users\/1"}],"replies":[{"embeddable":true,"href":"https:\/\/fondsdedotationeic.fr\/index.php\/wp-json\/wp\/v2\/comments?post=3"}],"version-history":[{"count":4,"href":"https:\/\/fondsdedotationeic.fr\/index.php\/wp-json\/wp\/v2\/pages\/3\/revisions"}],"predecessor-version":[{"id":752,"href":"https:\/\/fondsdedotationeic.fr\/index.php\/wp-json\/wp\/v2\/pages\/3\/revisions\/752"}],"wp:attachment":[{"href":"https:\/\/fondsdedotationeic.fr\/index.php\/wp-json\/wp\/v2\/media?parent=3"}],"curies":[{"name":"wp","href":"https:\/\/api.w.org\/{rel}","templated":true}]}}